{"id":109,"date":"2024-03-20T16:15:36","date_gmt":"2024-03-20T16:15:36","guid":{"rendered":"https:\/\/www.msm.mg\/?page_id=109"},"modified":"2024-04-12T10:32:35","modified_gmt":"2024-04-12T10:32:35","slug":"109-2","status":"publish","type":"page","link":"https:\/\/www.msm.mg\/","title":{"rendered":"MultiCraft Service MADA"},"content":{"rendered":"\t\t<div data-elementor-type=\"wp-page\" data-elementor-id=\"109\" class=\"elementor elementor-109\">\n\t\t\t\t\t\t\t<div class=\"elementor-element elementor-element-562c091 e-flex e-con-boxed e-con e-parent\" data-id=\"562c091\" data-element_type=\"container\" data-settings=\"{&quot;background_background&quot;:&quot;gradient&quot;,&quot;content_width&quot;:&quot;boxed&quot;}\" data-core-v316-plus=\"true\">\n\t\t\t\t\t<div class=\"e-con-inner\">\n\t\t<div class=\"elementor-element elementor-element-c400f5b e-flex e-con-boxed e-con e-child\" data-id=\"c400f5b\" data-element_type=\"container\" data-settings=\"{&quot;content_width&quot;:&quot;boxed&quot;}\">\n\t\t\t\t\t<div class=\"e-con-inner\">\n\t\t\t\t<div class=\"elementor-element elementor-element-d674644 elementor-widget elementor-widget-image\" data-id=\"d674644\" data-element_type=\"widget\" data-widget_type=\"image.default\">\n\t\t\t\t<div class=\"elementor-widget-container\">\n\t\t\t<style>\/*! elementor - v3.16.0 - 20-09-2023 *\/\n.elementor-widget-image{text-align:center}.elementor-widget-image a{display:inline-block}.elementor-widget-image a img[src$=\".svg\"]{width:48px}.elementor-widget-image img{vertical-align:middle;display:inline-block}<\/style>\t\t\t\t\t\t\t\t\t\t\t\t<img loading=\"lazy\" decoding=\"async\" width=\"724\" height=\"1024\" src=\"https:\/\/www.msm.mg\/wp-content\/uploads\/2024\/03\/WhatsApp-Image-2024-03-12-at-11.50.29-1-724x1024.jpeg\" class=\"attachment-large size-large wp-image-141\" alt=\"\" srcset=\"https:\/\/www.msm.mg\/wp-content\/uploads\/2024\/03\/WhatsApp-Image-2024-03-12-at-11.50.29-1-724x1024.jpeg 724w, https:\/\/www.msm.mg\/wp-content\/uploads\/2024\/03\/WhatsApp-Image-2024-03-12-at-11.50.29-1-212x300.jpeg 212w, https:\/\/www.msm.mg\/wp-content\/uploads\/2024\/03\/WhatsApp-Image-2024-03-12-at-11.50.29-1-768x1086.jpeg 768w, https:\/\/www.msm.mg\/wp-content\/uploads\/2024\/03\/WhatsApp-Image-2024-03-12-at-11.50.29-1-1086x1536.jpeg 1086w, https:\/\/www.msm.mg\/wp-content\/uploads\/2024\/03\/WhatsApp-Image-2024-03-12-at-11.50.29-1.jpeg 1131w\" sizes=\"auto, (max-width: 724px) 100vw, 724px\" \/>\t\t\t\t\t\t\t\t\t\t\t\t\t\t\t<\/div>\n\t\t\t\t<\/div>\n\t\t\t\t<div class=\"elementor-element elementor-element-29878b5 elementor-widget__width-initial elementor-widget elementor-widget-text-editor\" data-id=\"29878b5\" data-element_type=\"widget\" data-widget_type=\"text-editor.default\">\n\t\t\t\t<div class=\"elementor-widget-container\">\n\t\t\t<style>\/*! elementor - v3.16.0 - 20-09-2023 *\/\n.elementor-widget-text-editor.elementor-drop-cap-view-stacked .elementor-drop-cap{background-color:#69727d;color:#fff}.elementor-widget-text-editor.elementor-drop-cap-view-framed .elementor-drop-cap{color:#69727d;border:3px solid;background-color:transparent}.elementor-widget-text-editor:not(.elementor-drop-cap-view-default) .elementor-drop-cap{margin-top:8px}.elementor-widget-text-editor:not(.elementor-drop-cap-view-default) .elementor-drop-cap-letter{width:1em;height:1em}.elementor-widget-text-editor .elementor-drop-cap{float:left;text-align:center;line-height:1;font-size:50px}.elementor-widget-text-editor .elementor-drop-cap-letter{display:inline-block}<\/style>\t\t\t\t<p><strong>NOS SERVICES<\/strong><\/p><ul><li><strong>Construction et r\u00e9novation de b\u00e2timent\u00a0: <\/strong>De l\u2019\u00e9tude \u00e0 la r\u00e9alisation de vos projets, nous avons toute une \u00e9quipe des ing\u00e9nieurs et ouvriers qui prendront en charge la construction de A \u00e0 Z. Soit de gros \u0153uvre ou de second \u0153uvre, nous ferons aussi des services particuliers.<\/li><\/ul><p>R\u00e9sident<\/p><p>Centre commercial<\/p><p>Bureaux<\/p><p>H\u00f4tel<\/p><p>Ecoles<\/p><p>H\u00f4pitaux<\/p><p>B\u00e2timents gouvernementaux ou institutionnels<\/p><p>Stade sportive<\/p><p>Parc d\u2019attraction, etc<\/p><p>\u00a0<\/p><ul><li><strong>Ouvrage m\u00e9tallique\u00a0: <\/strong>De l\u2019\u00e9tude \u00e0 la r\u00e9alisation, nous avons une \u00e9quipe qui sera capable d\u2019accomplir le d\u00e9sir des clients.<\/li><\/ul><p>Ligne de vie<\/p><p>Porte, fen\u00eatre<\/p><p>Cl\u00f4ture<\/p><p>Hangar, etc.<\/p><ul><li><strong>Climatisation\u00a0: <\/strong>Que ce soit la conception ou l\u2019installation, notre \u00e9quipe sp\u00e9cialis\u00e9e assure un travail de qualit\u00e9, respectant les normes en vigueur et r\u00e9pondant \u00e0 vos exigences esth\u00e9tiques et fonctionnelles.<\/li><\/ul><p>Froid industriel (chambre froide)<\/p><p>Ventilation VMC<\/p><ul><li><strong>Electricit\u00e9\u00a0: <\/strong>Pour assurer des installations fiables, efficace et \u00e9conomes en \u00e9nergie, nous offrons une service d\u2019installation \u00e9lectrique compl\u00e8te. Notre \u00e9quipe veille sur la conformit\u00e9, la r\u00e9novation \u00e9lectrique, les solutions domotiques.<\/li><\/ul><p><strong>\u00a0<\/strong><\/p><ul><li><strong>Plomberie\u00a0: <\/strong>Notre but est la satisfaction client, c\u2019est alors que nous garantissons un travail de qualit\u00e9, fiable et efficace.<\/li><li><strong>R\u00e9seau informatique : <\/strong>Notre expertise dans le r\u00e9seau informatique couvre tous les aspects de r\u00e9seaux filaires ou Wi-Fi, la cr\u00e9ation de VPN et la s\u00e9curisation de vos syst\u00e8mes informatiques. Nous garantissons nos clients une connexion optimale et une s\u00e9curit\u00e9 renforc\u00e9e pour les donn\u00e9es et ses infrastructure informatique.<\/li><\/ul><p><strong>\u00a0<\/strong><\/p><p><strong>Cam\u00e9ra de surveillance\u00a0: <\/strong>La s\u00e9curit\u00e9 est avant tout une priorit\u00e9 personnelle. Nous offrons des solutions de surveillance compl\u00e8tes sur l\u2019installation et la mise en place des syst\u00e8mes de vid\u00e9osurveillance.<\/p>\t\t\t\t\t\t<\/div>\n\t\t\t\t<\/div>\n\t\t\t\t\t<\/div>\n\t\t\t\t<\/div>\n\t\t\t\t\t<\/div>\n\t\t\t\t<\/div>\n\t\t<div class=\"elementor-element elementor-element-9616407 e-flex e-con-boxed e-con e-parent\" data-id=\"9616407\" data-element_type=\"container\" data-settings=\"{&quot;content_width&quot;:&quot;boxed&quot;}\" data-core-v316-plus=\"true\">\n\t\t\t\t\t<div class=\"e-con-inner\">\n\t\t<div class=\"elementor-element elementor-element-1a79d01 e-con-full e-flex e-con e-child\" data-id=\"1a79d01\" data-element_type=\"container\" data-settings=\"{&quot;content_width&quot;:&quot;full&quot;}\">\n\t\t<div class=\"elementor-element elementor-element-82783e1 e-flex e-con-boxed e-con e-child\" data-id=\"82783e1\" data-element_type=\"container\" data-settings=\"{&quot;content_width&quot;:&quot;boxed&quot;}\">\n\t\t\t\t\t<div class=\"e-con-inner\">\n\t\t\t\t<div class=\"elementor-element elementor-element-954c469 elementor-arrows-position-inside elementor-pagination-position-outside elementor-widget elementor-widget-image-carousel\" data-id=\"954c469\" data-element_type=\"widget\" data-settings=\"{&quot;slides_to_show&quot;:&quot;1&quot;,&quot;navigation&quot;:&quot;both&quot;,&quot;autoplay&quot;:&quot;yes&quot;,&quot;pause_on_hover&quot;:&quot;yes&quot;,&quot;pause_on_interaction&quot;:&quot;yes&quot;,&quot;autoplay_speed&quot;:5000,&quot;infinite&quot;:&quot;yes&quot;,&quot;effect&quot;:&quot;slide&quot;,&quot;speed&quot;:500}\" data-widget_type=\"image-carousel.default\">\n\t\t\t\t<div class=\"elementor-widget-container\">\n\t\t\t<style>\/*! elementor - v3.16.0 - 20-09-2023 *\/\n.elementor-widget-image-carousel .swiper,.elementor-widget-image-carousel .swiper-container{position:static}.elementor-widget-image-carousel .swiper-container .swiper-slide figure,.elementor-widget-image-carousel .swiper .swiper-slide figure{line-height:inherit}.elementor-widget-image-carousel .swiper-slide{text-align:center}.elementor-image-carousel-wrapper:not(.swiper-container-initialized):not(.swiper-initialized) .swiper-slide{max-width:calc(100% \/ var(--e-image-carousel-slides-to-show, 3))}<\/style>\t\t<div class=\"elementor-image-carousel-wrapper swiper\" dir=\"ltr\">\n\t\t\t<div class=\"elementor-image-carousel swiper-wrapper\" aria-live=\"off\">\n\t\t\t\t\t\t\t\t<div class=\"swiper-slide\" role=\"group\" aria-roledescription=\"slide\" aria-label=\"1 of 2\"><figure class=\"swiper-slide-inner\"><img decoding=\"async\" class=\"swiper-slide-image\" src=\"https:\/\/www.msm.mg\/wp-content\/uploads\/2023\/10\/image-1.png\" alt=\"image 1\" \/><\/figure><\/div><div class=\"swiper-slide\" role=\"group\" aria-roledescription=\"slide\" aria-label=\"2 of 2\"><figure class=\"swiper-slide-inner\"><img decoding=\"async\" class=\"swiper-slide-image\" src=\"https:\/\/www.msm.mg\/wp-content\/uploads\/2023\/10\/a31674ba-b727-42ed-be4b-e6de2aa1cc02.png\" alt=\"a31674ba-b727-42ed-be4b-e6de2aa1cc02\" \/><\/figure><\/div>\t\t\t<\/div>\n\t\t\t\t\t\t\t\t\t\t\t\t<div class=\"elementor-swiper-button elementor-swiper-button-prev\" role=\"button\" tabindex=\"0\">\n\t\t\t\t\t\t<i aria-hidden=\"true\" class=\"eicon-chevron-left\"><\/i>\t\t\t\t\t<\/div>\n\t\t\t\t\t<div class=\"elementor-swiper-button elementor-swiper-button-next\" role=\"button\" tabindex=\"0\">\n\t\t\t\t\t\t<i aria-hidden=\"true\" class=\"eicon-chevron-right\"><\/i>\t\t\t\t\t<\/div>\n\t\t\t\t\n\t\t\t\t\t\t\t\t\t<div class=\"swiper-pagination\"><\/div>\n\t\t\t\t\t\t\t\t\t<\/div>\n\t\t\t\t<\/div>\n\t\t\t\t<\/div>\n\t\t\t\t\t<\/div>\n\t\t\t\t<\/div>\n\t\t\t\t<\/div>\n\t\t<div class=\"elementor-element elementor-element-a151425 e-con-full e-flex e-con e-child\" data-id=\"a151425\" data-element_type=\"container\" data-settings=\"{&quot;content_width&quot;:&quot;full&quot;}\">\n\t\t<div class=\"elementor-element elementor-element-c59936f e-flex e-con-boxed e-con e-child\" data-id=\"c59936f\" data-element_type=\"container\" data-settings=\"{&quot;content_width&quot;:&quot;boxed&quot;}\">\n\t\t\t\t\t<div class=\"e-con-inner\">\n\t\t<div class=\"elementor-element elementor-element-8d0d079 e-flex e-con-boxed e-con e-child\" data-id=\"8d0d079\" data-element_type=\"container\" data-settings=\"{&quot;content_width&quot;:&quot;boxed&quot;}\">\n\t\t\t\t\t<div class=\"e-con-inner\">\n\t\t\t\t<div class=\"elementor-element elementor-element-06d4494 elementor-widget elementor-widget-text-editor\" data-id=\"06d4494\" data-element_type=\"widget\" data-widget_type=\"text-editor.default\">\n\t\t\t\t<div class=\"elementor-widget-container\">\n\t\t\t\t\t\t\t<p><strong><span style=\"vertical-align: inherit;\"><span style=\"vertical-align: inherit;\">NOS VALEURS<\/span><\/span><\/strong><\/p><p><strong>Nos valeurs\u00a0:<\/strong><\/p><ul><li><strong>Qualit\u00e9\u00a0: <\/strong>C\u2019est la premi\u00e8re chose que les clients attendent \u00e0 la r\u00e9alisation de son projet. Ce qui nous diff\u00e9rencie, c\u2019est notre expertise de l\u2019\u00e9tude jusqu\u2019\u00e0 la r\u00e9alisation. Nous faisons attention jusqu\u2019au petit d\u00e9tail de la satisfaction du client. Le choix des qualit\u00e9s des mat\u00e9riels, le respect des normes de s\u00e9curit\u00e9, l\u2019expertise sur la main d\u2019\u0153uvre\u00a0pr\u00e9servent la vivacit\u00e9 et la permanence de travaux r\u00e9alis\u00e9s.<\/li><li><strong>Engagement\u00a0:<\/strong> Nous engageons au processus tout au long du projet, les clients n\u2019auront pas de craintes jusqu\u2019au finition des travaux qui se feront \u00e0 temps et bien r\u00e9alis\u00e9s. Nous portons la responsabilit\u00e9 et la durabilit\u00e9 de tout projet \u00e0 nous confier. Le travail des \u00e9quipes est l\u2019essentiel qui maintient la bonne ex\u00e9cution du chantier.<\/li><li><strong>Confiance\u00a0: <\/strong>C\u2019est la base sur le respect d\u2019engagement du d\u00e9lais d\u2019ex\u00e9cution, de qualit\u00e9 et de budget de travaux. La satisfaction client, c\u2019est qui nous permet de bien r\u00e9aliser l\u2019attentes du client. Les clients seront avis\u00e9s des situations existantes lors des flux de travail.<\/li><li><strong>Innovation\u00a0: <\/strong>On cherche toujours de nouvelles m\u00e9thodes pour la r\u00e9alisation de vos constructions efficacement, durablement et \u00e9conomiquement. MSM a toujours les solutions \u00e0 travers des divers probl\u00e8mes et soumet rapidement des solutions cr\u00e9atives et efficaces.<\/li><\/ul>\t\t\t\t\t\t<\/div>\n\t\t\t\t<\/div>\n\t\t\t\t\t<\/div>\n\t\t\t\t<\/div>\n\t\t\t\t\t<\/div>\n\t\t\t\t<\/div>\n\t\t<div class=\"elementor-element elementor-element-b89671b e-flex e-con-boxed e-con e-child\" data-id=\"b89671b\" data-element_type=\"container\" data-settings=\"{&quot;content_width&quot;:&quot;boxed&quot;}\">\n\t\t\t\t\t<div class=\"e-con-inner\">\n\t\t<div class=\"elementor-element elementor-element-d25cc6b e-flex e-con-boxed e-con e-child\" data-id=\"d25cc6b\" data-element_type=\"container\" data-settings=\"{&quot;content_width&quot;:&quot;boxed&quot;}\">\n\t\t\t\t\t<div class=\"e-con-inner\">\n\t\t\t\t<div class=\"elementor-element elementor-element-78818e2 elementor-widget elementor-widget-google_maps\" data-id=\"78818e2\" data-element_type=\"widget\" data-widget_type=\"google_maps.default\">\n\t\t\t\t<div class=\"elementor-widget-container\">\n\t\t\t<style>\/*! elementor - v3.16.0 - 20-09-2023 *\/\n.elementor-widget-google_maps .elementor-widget-container{overflow:hidden}.elementor-widget-google_maps .elementor-custom-embed{line-height:0}.elementor-widget-google_maps iframe{height:300px}<\/style>\t\t<div class=\"elementor-custom-embed\">\n\t\t\t<iframe loading=\"lazy\"\n\t\t\t\t\tsrc=\"https:\/\/maps.google.com\/maps?q=Tech%20Zone%20Madagascar&#038;t=m&#038;z=10&#038;output=embed&#038;iwloc=near\"\n\t\t\t\t\ttitle=\"Tech Zone Madagascar\"\n\t\t\t\t\taria-label=\"Tech Zone Madagascar\"\n\t\t\t><\/iframe>\n\t\t<\/div>\n\t\t\t\t<\/div>\n\t\t\t\t<\/div>\n\t\t\t\t\t<\/div>\n\t\t\t\t<\/div>\n\t\t\t\t\t<\/div>\n\t\t\t\t<\/div>\n\t\t\t\t<\/div>\n\t\t\t\t\t<\/div>\n\t\t\t\t<\/div>\n\t\t<div class=\"elementor-element elementor-element-98f125f e-flex e-con-boxed e-con e-parent\" data-id=\"98f125f\" data-element_type=\"container\" data-settings=\"{&quot;content_width&quot;:&quot;boxed&quot;}\" data-core-v316-plus=\"true\">\n\t\t\t\t\t<div class=\"e-con-inner\">\n\t\t\t\t<div class=\"elementor-element elementor-element-89eb0e1 elementor-widget elementor-widget-heading\" data-id=\"89eb0e1\" data-element_type=\"widget\" data-widget_type=\"heading.default\">\n\t\t\t\t<div class=\"elementor-widget-container\">\n\t\t\t<style>\/*! elementor - v3.16.0 - 20-09-2023 *\/\n.elementor-heading-title{padding:0;margin:0;line-height:1}.elementor-widget-heading .elementor-heading-title[class*=elementor-size-]>a{color:inherit;font-size:inherit;line-height:inherit}.elementor-widget-heading .elementor-heading-title.elementor-size-small{font-size:15px}.elementor-widget-heading .elementor-heading-title.elementor-size-medium{font-size:19px}.elementor-widget-heading .elementor-heading-title.elementor-size-large{font-size:29px}.elementor-widget-heading .elementor-heading-title.elementor-size-xl{font-size:39px}.elementor-widget-heading .elementor-heading-title.elementor-size-xxl{font-size:59px}<\/style><h2 class=\"elementor-heading-title elementor-size-default\">NOS CLIENTS<\/h2>\t\t<\/div>\n\t\t\t\t<\/div>\n\t\t\t\t\t<\/div>\n\t\t\t\t<\/div>\n\t\t<div class=\"elementor-element elementor-element-cd1ac9b e-flex e-con-boxed e-con e-parent\" data-id=\"cd1ac9b\" data-element_type=\"container\" data-settings=\"{&quot;content_width&quot;:&quot;boxed&quot;}\" data-core-v316-plus=\"true\">\n\t\t\t\t\t<div class=\"e-con-inner\">\n\t\t<div class=\"elementor-element elementor-element-00656e5 e-con-full e-flex e-con e-child\" data-id=\"00656e5\" data-element_type=\"container\" data-settings=\"{&quot;content_width&quot;:&quot;full&quot;}\">\n\t\t\t\t<div class=\"elementor-element elementor-element-278d71b elementor-widget elementor-widget-image\" data-id=\"278d71b\" data-element_type=\"widget\" data-widget_type=\"image.default\">\n\t\t\t\t<div class=\"elementor-widget-container\">\n\t\t\t\t\t\t\t\t\t\t\t\t\t\t\t<img loading=\"lazy\" decoding=\"async\" width=\"950\" height=\"633\" src=\"https:\/\/www.msm.mg\/wp-content\/uploads\/2023\/03\/blog-construction-1.jpg\" class=\"attachment-large size-large wp-image-47\" alt=\"\" srcset=\"https:\/\/www.msm.mg\/wp-content\/uploads\/2023\/03\/blog-construction-1.jpg 950w, https:\/\/www.msm.mg\/wp-content\/uploads\/2023\/03\/blog-construction-1-300x200.jpg 300w, https:\/\/www.msm.mg\/wp-content\/uploads\/2023\/03\/blog-construction-1-768x512.jpg 768w\" sizes=\"auto, (max-width: 950px) 100vw, 950px\" \/>\t\t\t\t\t\t\t\t\t\t\t\t\t\t\t<\/div>\n\t\t\t\t<\/div>\n\t\t\t\t<\/div>\n\t\t<div class=\"elementor-element elementor-element-ca884a0 e-con-full e-flex e-con e-child\" data-id=\"ca884a0\" data-element_type=\"container\" data-settings=\"{&quot;content_width&quot;:&quot;full&quot;}\">\n\t\t\t\t<div class=\"elementor-element elementor-element-e6e57cf elementor-widget elementor-widget-image\" data-id=\"e6e57cf\" data-element_type=\"widget\" data-widget_type=\"image.default\">\n\t\t\t\t<div class=\"elementor-widget-container\">\n\t\t\t\t\t\t\t\t\t\t\t\t\t\t\t<img loading=\"lazy\" decoding=\"async\" width=\"960\" height=\"720\" src=\"https:\/\/www.msm.mg\/wp-content\/uploads\/2023\/10\/379638796_885249753025605_3180750889105652678_n.jpg\" class=\"attachment-large size-large wp-image-20\" alt=\"\" srcset=\"https:\/\/www.msm.mg\/wp-content\/uploads\/2023\/10\/379638796_885249753025605_3180750889105652678_n.jpg 960w, https:\/\/www.msm.mg\/wp-content\/uploads\/2023\/10\/379638796_885249753025605_3180750889105652678_n-300x225.jpg 300w, https:\/\/www.msm.mg\/wp-content\/uploads\/2023\/10\/379638796_885249753025605_3180750889105652678_n-768x576.jpg 768w\" sizes=\"auto, (max-width: 960px) 100vw, 960px\" \/>\t\t\t\t\t\t\t\t\t\t\t\t\t\t\t<\/div>\n\t\t\t\t<\/div>\n\t\t\t\t<\/div>\n\t\t<div class=\"elementor-element elementor-element-d2c58c3 e-con-full e-flex e-con e-child\" data-id=\"d2c58c3\" data-element_type=\"container\" data-settings=\"{&quot;content_width&quot;:&quot;full&quot;}\">\n\t\t\t\t<div class=\"elementor-element elementor-element-0c35b73 elementor-widget elementor-widget-image\" data-id=\"0c35b73\" data-element_type=\"widget\" data-widget_type=\"image.default\">\n\t\t\t\t<div class=\"elementor-widget-container\">\n\t\t\t\t\t\t\t\t\t\t\t\t\t\t\t<img loading=\"lazy\" decoding=\"async\" width=\"1024\" height=\"768\" src=\"https:\/\/www.msm.mg\/wp-content\/uploads\/2024\/03\/IMG20240111104515-1024x768.jpg\" class=\"attachment-large size-large wp-image-129\" alt=\"\" srcset=\"https:\/\/www.msm.mg\/wp-content\/uploads\/2024\/03\/IMG20240111104515-1024x768.jpg 1024w, https:\/\/www.msm.mg\/wp-content\/uploads\/2024\/03\/IMG20240111104515-300x225.jpg 300w, https:\/\/www.msm.mg\/wp-content\/uploads\/2024\/03\/IMG20240111104515-768x576.jpg 768w, https:\/\/www.msm.mg\/wp-content\/uploads\/2024\/03\/IMG20240111104515-1536x1152.jpg 1536w, https:\/\/www.msm.mg\/wp-content\/uploads\/2024\/03\/IMG20240111104515-2048x1536.jpg 2048w\" sizes=\"auto, (max-width: 1024px) 100vw, 1024px\" \/>\t\t\t\t\t\t\t\t\t\t\t\t\t\t\t<\/div>\n\t\t\t\t<\/div>\n\t\t\t\t<\/div>\n\t\t<div class=\"elementor-element elementor-element-4d3d36a e-con-full e-flex e-con e-child\" data-id=\"4d3d36a\" data-element_type=\"container\" data-settings=\"{&quot;content_width&quot;:&quot;full&quot;}\">\n\t\t\t\t<div class=\"elementor-element elementor-element-b3a3fd1 elementor-widget elementor-widget-image\" data-id=\"b3a3fd1\" data-element_type=\"widget\" data-widget_type=\"image.default\">\n\t\t\t\t<div class=\"elementor-widget-container\">\n\t\t\t\t\t\t\t\t\t\t\t\t\t\t\t<img loading=\"lazy\" decoding=\"async\" width=\"950\" height=\"634\" src=\"https:\/\/www.msm.mg\/wp-content\/uploads\/2023\/03\/blog-construction-8.jpg\" class=\"attachment-large size-large wp-image-53\" alt=\"\" srcset=\"https:\/\/www.msm.mg\/wp-content\/uploads\/2023\/03\/blog-construction-8.jpg 950w, https:\/\/www.msm.mg\/wp-content\/uploads\/2023\/03\/blog-construction-8-300x200.jpg 300w, https:\/\/www.msm.mg\/wp-content\/uploads\/2023\/03\/blog-construction-8-768x513.jpg 768w\" sizes=\"auto, (max-width: 950px) 100vw, 950px\" \/>\t\t\t\t\t\t\t\t\t\t\t\t\t\t\t<\/div>\n\t\t\t\t<\/div>\n\t\t\t\t<\/div>\n\t\t\t\t\t<\/div>\n\t\t\t\t<\/div>\n\t\t<div class=\"elementor-element elementor-element-2d3edfa e-flex e-con-boxed e-con e-parent\" data-id=\"2d3edfa\" data-element_type=\"container\" data-settings=\"{&quot;content_width&quot;:&quot;boxed&quot;}\" data-core-v316-plus=\"true\">\n\t\t\t\t\t<div class=\"e-con-inner\">\n\t\t\t\t<div class=\"elementor-element elementor-element-0fcd1ec elementor-widget elementor-widget-heading\" data-id=\"0fcd1ec\" data-element_type=\"widget\" data-widget_type=\"heading.default\">\n\t\t\t\t<div class=\"elementor-widget-container\">\n\t\t\t<h2 class=\"elementor-heading-title elementor-size-default\">Add Your Heading Text Here<\/h2>\t\t<\/div>\n\t\t\t\t<\/div>\n\t\t\t\t\t<\/div>\n\t\t\t\t<\/div>\n\t\t\t\t\t\t\t<\/div>\n\t\t","protected":false},"excerpt":{"rendered":"<p>NOS SERVICES Construction et r\u00e9novation de b\u00e2timent\u00a0: De l\u2019\u00e9tude \u00e0 la r\u00e9alisation de vos projets, nous avons toute une \u00e9quipe des ing\u00e9nieurs et ouvriers qui prendront en charge la construction de A \u00e0 Z. Soit de gros \u0153uvre ou de second \u0153uvre, nous ferons aussi des services particuliers. R\u00e9sident Centre commercial Bureaux H\u00f4tel Ecoles H\u00f4pitaux [&hellip;]<\/p>\n","protected":false},"author":1,"featured_media":0,"parent":0,"menu_order":0,"comment_status":"closed","ping_status":"closed","template":"elementor_theme","meta":{"footnotes":""},"class_list":["post-109","page","type-page","status-publish","hentry"],"_links":{"self":[{"href":"https:\/\/www.msm.mg\/index.php?rest_route=\/wp\/v2\/pages\/109","targetHints":{"allow":["GET"]}}],"collection":[{"href":"https:\/\/www.msm.mg\/index.php?rest_route=\/wp\/v2\/pages"}],"about":[{"href":"https:\/\/www.msm.mg\/index.php?rest_route=\/wp\/v2\/types\/page"}],"author":[{"embeddable":true,"href":"https:\/\/www.msm.mg\/index.php?rest_route=\/wp\/v2\/users\/1"}],"replies":[{"embeddable":true,"href":"https:\/\/www.msm.mg\/index.php?rest_route=%2Fwp%2Fv2%2Fcomments&post=109"}],"version-history":[{"count":42,"href":"https:\/\/www.msm.mg\/index.php?rest_route=\/wp\/v2\/pages\/109\/revisions"}],"predecessor-version":[{"id":196,"href":"https:\/\/www.msm.mg\/index.php?rest_route=\/wp\/v2\/pages\/109\/revisions\/196"}],"wp:attachment":[{"href":"https:\/\/www.msm.mg\/index.php?rest_route=%2Fwp%2Fv2%2Fmedia&parent=109"}],"curies":[{"name":"wp","href":"https:\/\/api.w.org\/{rel}","templated":true}]}}