{"id":88,"date":"2023-03-23T12:22:38","date_gmt":"2023-03-23T12:22:38","guid":{"rendered":"https:\/\/wpfrank.com\/demo\/avantex-construction-pro\/?page_id=88"},"modified":"2024-03-20T16:19:18","modified_gmt":"2024-03-20T16:19:18","slug":"about","status":"publish","type":"page","link":"https:\/\/www.msm.mg\/?page_id=88","title":{"rendered":"About"},"content":{"rendered":"\t\t<div data-elementor-type=\"wp-page\" data-elementor-id=\"88\" class=\"elementor elementor-88\">\n\t\t\t\t\t\t\t<div class=\"elementor-element elementor-element-f17889e e-flex e-con-boxed e-con e-parent\" data-id=\"f17889e\" data-element_type=\"container\" data-settings=\"{&quot;content_width&quot;:&quot;boxed&quot;}\" data-core-v316-plus=\"true\">\n\t\t\t\t\t<div class=\"e-con-inner\">\n\t\t\t\t<div class=\"elementor-element elementor-element-4e3dc2f elementor-widget elementor-widget-text-editor\" data-id=\"4e3dc2f\" data-element_type=\"widget\" data-widget_type=\"text-editor.default\">\n\t\t\t\t<div class=\"elementor-widget-container\">\n\t\t\t<style>\/*! elementor - v3.16.0 - 20-09-2023 *\/\n.elementor-widget-text-editor.elementor-drop-cap-view-stacked .elementor-drop-cap{background-color:#69727d;color:#fff}.elementor-widget-text-editor.elementor-drop-cap-view-framed .elementor-drop-cap{color:#69727d;border:3px solid;background-color:transparent}.elementor-widget-text-editor:not(.elementor-drop-cap-view-default) .elementor-drop-cap{margin-top:8px}.elementor-widget-text-editor:not(.elementor-drop-cap-view-default) .elementor-drop-cap-letter{width:1em;height:1em}.elementor-widget-text-editor .elementor-drop-cap{float:left;text-align:center;line-height:1;font-size:50px}.elementor-widget-text-editor .elementor-drop-cap-letter{display:inline-block}<\/style>\t\t\t\t<p>MSM ou Multicraft Service Mada est une entreprise sp\u00e9cialis\u00e9e en construction et en r\u00e9novation de b\u00e2timent, la r\u00e9habilitation des structures m\u00e9talliques, l\u2019installation \u00e9lectrique, plomberie, et climatisation.<\/p><p>TSM (Techno Service Mada) a \u00e9t\u00e9 fond\u00e9 en 2012 et qui sous-traitait uniquement pour la soci\u00e9t\u00e9 UCODIS. Actuellement, elle a \u00e9t\u00e9 renomm\u00e9e en MSM (Multicraft Mada Service) pour diversifier son domaine d\u2019intervention inspir\u00e9 de la qualit\u00e9 et de la polyvalence des nouveaux membres de notre famille.<\/p><p>Situ\u00e9 \u00e0 Antananarivo, MSM dispose une \u00e9quipe des ing\u00e9nieurs d\u2019\u00e9tudes, des commerciaux et des ouvriers exp\u00e9riment\u00e9s en la mati\u00e8re. Nos offres sont disponibles pour les services publics ou priv\u00e9s, en ville ou en p\u00e9riph\u00e9rie.<\/p><p>Notre principale mission est d\u2019apporter des solutions innovantes et un service de qualit\u00e9 pour la r\u00e9alisation de chaque attente des clients.<\/p><p>Notre but est de devenir un acteur incontournable de l\u2019\u00e9conomie national par la cr\u00e9ation d&#8217;emplois.<\/p>\t\t\t\t\t\t<\/div>\n\t\t\t\t<\/div>\n\t\t\t\t\t<\/div>\n\t\t\t\t<\/div>\n\t\t\t\t\t\t\t<\/div>\n\t\t","protected":false},"excerpt":{"rendered":"<p>MSM ou Multicraft Service Mada est une entreprise sp\u00e9cialis\u00e9e en construction et en r\u00e9novation de b\u00e2timent, la r\u00e9habilitation des structures m\u00e9talliques, l\u2019installation \u00e9lectrique, plomberie, et climatisation. TSM (Techno Service Mada) a \u00e9t\u00e9 fond\u00e9 en 2012 et qui sous-traitait uniquement pour la soci\u00e9t\u00e9 UCODIS. Actuellement, elle a \u00e9t\u00e9 renomm\u00e9e en MSM (Multicraft Mada Service) pour diversifier [&hellip;]<\/p>\n","protected":false},"author":1,"featured_media":0,"parent":0,"menu_order":0,"comment_status":"closed","ping_status":"closed","template":"","meta":{"footnotes":""},"class_list":["post-88","page","type-page","status-publish","hentry"],"_links":{"self":[{"href":"https:\/\/www.msm.mg\/index.php?rest_route=\/wp\/v2\/pages\/88","targetHints":{"allow":["GET"]}}],"collection":[{"href":"https:\/\/www.msm.mg\/index.php?rest_route=\/wp\/v2\/pages"}],"about":[{"href":"https:\/\/www.msm.mg\/index.php?rest_route=\/wp\/v2\/types\/page"}],"author":[{"embeddable":true,"href":"https:\/\/www.msm.mg\/index.php?rest_route=\/wp\/v2\/users\/1"}],"replies":[{"embeddable":true,"href":"https:\/\/www.msm.mg\/index.php?rest_route=%2Fwp%2Fv2%2Fcomments&post=88"}],"version-history":[{"count":4,"href":"https:\/\/www.msm.mg\/index.php?rest_route=\/wp\/v2\/pages\/88\/revisions"}],"predecessor-version":[{"id":136,"href":"https:\/\/www.msm.mg\/index.php?rest_route=\/wp\/v2\/pages\/88\/revisions\/136"}],"wp:attachment":[{"href":"https:\/\/www.msm.mg\/index.php?rest_route=%2Fwp%2Fv2%2Fmedia&parent=88"}],"curies":[{"name":"wp","href":"https:\/\/api.w.org\/{rel}","templated":true}]}}